{"id":44,"date":"2018-03-17T22:53:56","date_gmt":"2018-03-17T22:53:56","guid":{"rendered":"http:\/\/localhost\/?page_id=44"},"modified":"2018-03-17T22:53:56","modified_gmt":"2018-03-17T22:53:56","slug":"kapcsolat","status":"publish","type":"page","link":"http:\/\/www.tankcleaning.hu\/?page_id=44","title":{"rendered":"Kapcsolat"},"content":{"rendered":"<h1>KAPCSOLAT<\/h1>\n<p>GPS: 47.259792, 18.894526<\/p>\n<p><iframe src=\"https:\/\/www.google.com\/maps\/embed?pb=!1m18!1m12!1m3!1d2707.7983699736515!2d18.894671999999996!3d47.259645899999995!2m3!1f0!2f0!3f0!3m2!1i1024!2i768!4f13.1!3m3!1m2!1s0x4741fba72799c601%3A0x21ad29d20486175f!2sBattai+%C3%BAt+7%2C+Ercsi%2C+2451!5e0!3m2!1shu!2shu!4v1436344980492\" width=\"800\" height=\"400\" frameborder=\"0\" allowfullscreen=\"allowfullscreen\" data-mce-fragment=\"1\"><\/iframe><\/p>\n<p><strong>K\u00f6rmendi Tam\u00e1s \u2013 \u00dcgyvezet\u0151 Igazgat\u00f3<\/strong><\/p>\n<p>Ercsi Tart\u00e1lytiszt\u00edt\u00f3 \u00c1llom\u00e1s<br \/>\nH-2451 Ercsi, Battai \u00fat 1307<\/p>\n<p>Mobil:\u00a0 +36 70 224 1393<br \/>\nTel:\u00a0\u00a0\u00a0\u00a0 +36 20 924 9744<br \/>\ne-mail:\u00a0<a href=\"mailto:info@tankcleaning.hu\">info@tankcleaning.hu<\/a><br \/>\nSz\u00e9khely: A1 Du\u00f3 Kft.<br \/>\nH-2481 Velence Enyedi u. 3.<\/p>\n","protected":false},"excerpt":{"rendered":"<p>KAPCSOLAT GPS: 47.259792, 18.894526 K\u00f6rmendi Tam\u00e1s \u2013 \u00dcgyvezet\u0151 Igazgat\u00f3 Ercsi Tart\u00e1lytiszt\u00edt\u00f3 \u00c1llom\u00e1s H-2451 Ercsi, Battai \u00fat 1307 Mobil:\u00a0 +36 70 224 1393 Tel:\u00a0\u00a0\u00a0\u00a0 +36 20 924 9744 e-mail:\u00a0info@tankcleaning.hu Sz\u00e9khely: A1 Du\u00f3 Kft. H-2481 Velence Enyedi u. 3.<\/p>\n","protected":false},"author":1,"featured_media":0,"parent":0,"menu_order":0,"comment_status":"closed","ping_status":"closed","template":"sidebar-page.php","meta":[],"_links":{"self":[{"href":"http:\/\/www.tankcleaning.hu\/index.php?rest_route=\/wp\/v2\/pages\/44"}],"collection":[{"href":"http:\/\/www.tankcleaning.hu\/index.php?rest_route=\/wp\/v2\/pages"}],"about":[{"href":"http:\/\/www.tankcleaning.hu\/index.php?rest_route=\/wp\/v2\/types\/page"}],"author":[{"embeddable":true,"href":"http:\/\/www.tankcleaning.hu\/index.php?rest_route=\/wp\/v2\/users\/1"}],"replies":[{"embeddable":true,"href":"http:\/\/www.tankcleaning.hu\/index.php?rest_route=%2Fwp%2Fv2%2Fcomments&post=44"}],"version-history":[{"count":0,"href":"http:\/\/www.tankcleaning.hu\/index.php?rest_route=\/wp\/v2\/pages\/44\/revisions"}],"wp:attachment":[{"href":"http:\/\/www.tankcleaning.hu\/index.php?rest_route=%2Fwp%2Fv2%2Fmedia&parent=44"}],"curies":[{"name":"wp","href":"https:\/\/api.w.org\/{rel}","templated":true}]}}