{"id":42,"date":"2018-03-17T22:52:05","date_gmt":"2018-03-17T22:52:05","guid":{"rendered":"http:\/\/localhost\/?page_id=42"},"modified":"2019-05-06T17:39:54","modified_gmt":"2019-05-06T16:39:54","slug":"minosegpolitika","status":"publish","type":"page","link":"http:\/\/www.tankcleaning.hu\/?page_id=42","title":{"rendered":"Min\u0151s\u00e9gpolitika"},"content":{"rendered":"<h1>MIN\u0150S\u00c9GPOLITIKA<\/h1>\n<p><strong>Az A1 Du\u00f3 Kft. min\u0151s\u00e9g- \u00e9s k\u00f6rnyezeti politik\u00e1ja<\/strong><\/p>\n<p>Az\u00a0<strong>A1 Du\u00f3 Kft.<\/strong>\u00a0t\u00f6rekv\u00e9se arra ir\u00e1nyul, hogy valamennyi dolgoz\u00f3j\u00e1n\u00e1l a tev\u00e9kenys\u00e9g k\u00f6z\u00e9ppontj\u00e1ban a min\u0151s\u00e9g, a k\u00f6rnyezettudatoss\u00e1g \u00e9s a gazdas\u00e1goss\u00e1g \u00e1lljon. Ennek \u00e9rdek\u00e9ben olyan min\u0151s\u00e9gir\u00e1ny\u00edt\u00e1si \u00e9s k\u00f6rnyezetk\u00f6zpont\u00fa ir\u00e1ny\u00edt\u00e1si rendszert m\u0171k\u00f6dtet\u00fcnk, amely t\u00e1mogatja technol\u00f3gi\u00e1ink folyamatos fejleszt\u00e9s\u00e9t, hat\u00e9konys\u00e1gunk n\u00f6veked\u00e9s\u00e9t, vev\u0151ink \u00e9s a k\u00f6rnyezet\u00fcnk megel\u00e9gedetts\u00e9g\u00e9t.<\/p>\n<ul>\n<li>Tev\u00e9kenys\u00e9g\u00fcnk k\u00f6z\u00e9ppontj\u00e1ban a vev\u0151 \u00e1ll. Fokozottan igyeksz\u00fcnk a k\u00f6z\u00fati fuvaroz\u00e1s, vegyi\u00e1ru vagy \u00e9lelmiszer sz\u00e1ll\u00edt\u00e1s sor\u00e1n felmer\u00fcl\u0151 tiszt\u00edt\u00e1ssal kapcsolatos megrendel\u0151i ig\u00e9nyek lehet\u0151 legjobb teljes\u00edt\u00e9s\u00e9re, \u00e1rban \u00e9s \u00e1tfut\u00e1si id\u0151ben egyar\u00e1nt.<\/li>\n<li>Hossz\u00fa t\u00e1v\u00fa kapcsolat kialak\u00edt\u00e1s\u00e1ra t\u00f6reksz\u00fcnk azokkal a sz\u00e1ll\u00edt\u00f3inkkal, amelyek azonosulnak t\u00e1rsas\u00e1gunk min\u0151s\u00e9gi \u00e9s k\u00f6rnyezetv\u00e9delmi c\u00e9lkit\u0171z\u00e9seivel \u00e9s megfelelnek min\u0151s\u00e9g- \u00e9s k\u00f6rnyezet-ir\u00e1ny\u00edt\u00e1si el\u0151\u00edr\u00e1sainknak.<\/li>\n<li>Folyamatosan fejlesztj\u00fck a c\u00e9g technikai, m\u0171szaki sz\u00ednvonal\u00e1t, megteremtve ezzel az egyre javul\u00f3 min\u0151s\u00e9g \u00e9s a folyamatosan cs\u00f6kken\u0151 k\u00f6rnyezeti terhel\u00e9s, valamint az er\u0151forr\u00e1sokkal val\u00f3 takar\u00e9koskod\u00e1s lehet\u0151s\u00e9g\u00e9t.<\/li>\n<li>Lehet\u0151s\u00e9geink szerint cs\u00f6kkentj\u00fck, illetve igyeksz\u00fcnk megel\u0151zni, a k\u00f6rnyezetk\u00e1ros\u00edt\u00f3 kibocs\u00e1t\u00e1st, hullad\u00e9kaink mennyis\u00e9g\u00e9t \u00e9s k\u00f6rnyezetk\u00e1ros\u00edt\u00f3 hat\u00e1s\u00e1t.<\/li>\n<li>A megfelel\u0151 biztons\u00e1gi, eg\u00e9szs\u00e9g\u00fcgyi \u00e9s k\u00f6rnyezetv\u00e9delmi el\u0151\u00edr\u00e1sok betartat\u00e1s\u00e1val t\u00f6reksz\u00fcnk a balesetek megel\u0151z\u00e9s\u00e9re, k\u00f6rnyezetszennyez\u00e9s elker\u00fcl\u00e9s\u00e9re, balesetmentes munkahely megteremt\u00e9s\u00e9re valamennyi dolgoz\u00f3nk, alv\u00e1llalkoz\u00f3nk sz\u00e1m\u00e1ra.<\/li>\n<li>Hangs\u00falyt fektet\u00fcnk k\u00f6rnyezettudatos gondolkod\u00e1sunk bels\u0151 \u00e9s k\u00fcls\u0151 kommunik\u00e1l\u00e1s\u00e1ra, dolgoz\u00f3ink k\u00f6rnyezeti oktat\u00e1s-k\u00e9pz\u00e9s\u00e9re.<\/li>\n<li>A hat\u00e9konys\u00e1g fokoz\u00e1sa \u00e9rdek\u00e9ben az eg\u00e9szs\u00e9ges, biztons\u00e1gos munkafelt\u00e9telek megteremt\u00e9s\u00e9vel \u00e9s a v\u00e9gzett munka erk\u00f6lcsi \u00e9s anyagi elismer\u00e9s\u00e9vel t\u00f6reksz\u00fcnk a dolgoz\u00f3i el\u00e9gedetts\u00e9g el\u00e9r\u00e9s\u00e9re.<\/li>\n<li>C\u00e9ljaink megval\u00f3s\u00edt\u00e1sa \u00e9s folyamatos fejl\u0151d\u00e9s\u00fcnk biztos\u00edt\u00e1sa \u00e9rdek\u00e9ben a vezet\u00e9s t\u00e1mogatja \u00e9s megk\u00f6veteli a folyamatos k\u00e9pz\u00e9st \u00e9s \u00f6nk\u00e9pz\u00e9st.<\/li>\n<\/ul>\n<div class=\"itemContainer\">Elv\u00e1rjuk, hogy az A1 Du\u00f3 Kft. minden alkalmazottja szem\u00e9lyes tud\u00e1s\u00e1val \u00e9s felel\u0151ss\u00e9g\u00e9vel j\u00e1ruljon hozz\u00e1 a kamion mos\u00f3 \u00e9s tart\u00e1lytiszt\u00edt\u00f3 siker\u00e9hez. A fenti c\u00e9lok folyamatos teljes\u00edt\u00e9s\u00e9re t\u00e1rsas\u00e1gunk integr\u00e1lt ir\u00e1ny\u00edt\u00e1si rendszert m\u0171k\u00f6dtet az\u00a0<strong>MSZ EN ISO 9001:2015<\/strong> min\u0151s\u00e9gir\u00e1ny\u00edt\u00e1si rendszerszabv\u00e1ny, illetve a k\u00f6rnyezet-k\u00f6zpont\u00fa ir\u00e1ny\u00edt\u00e1si rendszerre vonatkoz\u00f3\u00a0<strong>MSZ EN ISO 14001:2015<\/strong>\u00a0szabv\u00e1ny alapj\u00e1n.<\/div>\n","protected":false},"excerpt":{"rendered":"<p>MIN\u0150S\u00c9GPOLITIKA Az A1 Du\u00f3 Kft. min\u0151s\u00e9g- \u00e9s k\u00f6rnyezeti politik\u00e1ja Az\u00a0A1 Du\u00f3 Kft.\u00a0t\u00f6rekv\u00e9se arra ir\u00e1nyul, hogy valamennyi dolgoz\u00f3j\u00e1n\u00e1l a tev\u00e9kenys\u00e9g k\u00f6z\u00e9ppontj\u00e1ban a min\u0151s\u00e9g, a k\u00f6rnyezettudatoss\u00e1g \u00e9s a gazdas\u00e1goss\u00e1g \u00e1lljon. Ennek \u00e9rdek\u00e9ben olyan min\u0151s\u00e9gir\u00e1ny\u00edt\u00e1si \u00e9s k\u00f6rnyezetk\u00f6zpont\u00fa ir\u00e1ny\u00edt\u00e1si rendszert m\u0171k\u00f6dtet\u00fcnk, amely t\u00e1mogatja technol\u00f3gi\u00e1ink &hellip; <a href=\"http:\/\/www.tankcleaning.hu\/?page_id=42\">Egy kattint\u00e1s ide a folytat\u00e1shoz&#8230;. <span class=\"meta-nav\">&rarr;<\/span><\/a><\/p>\n","protected":false},"author":1,"featured_media":0,"parent":0,"menu_order":0,"comment_status":"closed","ping_status":"closed","template":"sidebar-page.php","meta":[],"_links":{"self":[{"href":"http:\/\/www.tankcleaning.hu\/index.php?rest_route=\/wp\/v2\/pages\/42"}],"collection":[{"href":"http:\/\/www.tankcleaning.hu\/index.php?rest_route=\/wp\/v2\/pages"}],"about":[{"href":"http:\/\/www.tankcleaning.hu\/index.php?rest_route=\/wp\/v2\/types\/page"}],"author":[{"embeddable":true,"href":"http:\/\/www.tankcleaning.hu\/index.php?rest_route=\/wp\/v2\/users\/1"}],"replies":[{"embeddable":true,"href":"http:\/\/www.tankcleaning.hu\/index.php?rest_route=%2Fwp%2Fv2%2Fcomments&post=42"}],"version-history":[{"count":2,"href":"http:\/\/www.tankcleaning.hu\/index.php?rest_route=\/wp\/v2\/pages\/42\/revisions"}],"predecessor-version":[{"id":124,"href":"http:\/\/www.tankcleaning.hu\/index.php?rest_route=\/wp\/v2\/pages\/42\/revisions\/124"}],"wp:attachment":[{"href":"http:\/\/www.tankcleaning.hu\/index.php?rest_route=%2Fwp%2Fv2%2Fmedia&parent=42"}],"curies":[{"name":"wp","href":"https:\/\/api.w.org\/{rel}","templated":true}]}}