{"id":37,"date":"2018-03-17T22:48:43","date_gmt":"2018-03-17T22:48:43","guid":{"rendered":"http:\/\/localhost\/?page_id=37"},"modified":"2026-01-26T18:50:48","modified_gmt":"2026-01-26T17:50:48","slug":"beruhazasok","status":"publish","type":"page","link":"http:\/\/www.tankcleaning.hu\/?page_id=37","title":{"rendered":"Projektek"},"content":{"rendered":"<p><strong>A kedvezm\u00e9nyezett neve: <\/strong>A1 DU\u00d3 Kereskedelmi \u00e9s Szolg\u00e1ltat\u00f3 Korl\u00e1tolt Felel\u0151ss\u00e9g\u0171 T\u00e1rsas\u00e1g<br \/>\n<strong>A projekt azonos\u00edt\u00f3 sz\u00e1ma: <\/strong>GINOP_PLUSZ-2.1.3-24-2025-01302<br \/>\n<strong>A fejleszt\u00e9s t\u00e1rgya: <\/strong>Innov\u00e1ci\u00f3s fejleszt\u00e9sek az A1 Du\u00f3 tart\u00e1lytiszt\u00edt\u00e1si tev\u00e9kenys\u00e9g\u00e9ben<br \/>\n<strong>A szerz\u0151d\u00f6tt t\u00e1mogat\u00e1s \u00f6sszege: <\/strong>49 980 998 Ft<br \/>\n<strong>A projekt tervezett befejez\u00e9si d\u00e1tuma: <\/strong>2026.01.31.<br \/>\n<strong>A fejleszt\u00e9s megval\u00f3s\u00edt\u00e1si helysz\u00edne: <\/strong>2451 Ercsi, Battai \u00fat 1307\/7<\/p>\n<p>Az A1 DU\u00d3 Kft. a Gazdas\u00e1gfejleszt\u00e9si \u00e9s Innov\u00e1ci\u00f3s Operat\u00edv Program Plusz keret\u00e9n bel\u00fcl, a GINOP_PLUSZ-2.1.3-24 Felh\u00edv\u00e1s nyertesek\u00e9nt r\u00e9szes\u00fclt t\u00e1mogat\u00e1sban. A v\u00e1llalkoz\u00e1s Ercsi telephely\u00e9n 49,98 milli\u00f3 Ft vissza nem t\u00e9r\u00edtend\u0151 eur\u00f3pai uni\u00f3s t\u00e1mogat\u00e1st ford\u00edthat termel\u00e9si \u00e9s marketing folyamatainak meg\u00faj\u00edt\u00e1s\u00e1ra.<\/p>\n<p>Az A1 DU\u00d3 Kft. projektj\u00e9nek elemek\u00e9nt megval\u00f3s\u00edt\u00e1sra ker\u00fcl\u0151 termel\u00e9si folyamatinnov\u00e1ci\u00f3 keret\u00e9ben egy fejlett, t\u00e1vel\u00e9r\u00e9st biztos\u00edt\u00f3, automatiz\u00e1lt rendszer bevezet\u00e9se \u00e1ltal a hat\u00e9konys\u00e1g n\u00f6vel\u00e9se, a jelenlegi fizikai &#8211; k\u00e9miai tiszt\u00edt\u00e1si sor fejleszt\u00e9se, cser\u00e9je, a v\u00edzrendszer fejleszt\u00e9se, valamint a fosszilis t\u00fczel\u0151anyag-felhaszn\u00e1l\u00e1s cs\u00f6kkent\u00e9se val\u00f3sul meg. A fejleszt\u00e9sek r\u00e9v\u00e9n a tiszt\u00edt\u00e1si folyamatok r\u00f6videbb id\u0151 alatt, hat\u00e9konyabban v\u00e9gezhet\u0151k, mik\u00f6zben a fosszilis energiafelhaszn\u00e1l\u00e1s jelent\u0151s cs\u00f6kkent\u00e9se hozz\u00e1j\u00e1rulhat a fenntarthat\u00f3s\u00e1gi c\u00e9lok el\u00e9r\u00e9s\u00e9hez.<\/p>\n<p>A projekt fontos eleme a marketing \u00e9s \u00fcgyf\u00e9lkapcsolati rendszer fejleszt\u00e9se. A CRM folyamatok bevezet\u00e9se r\u00e9v\u00e9n digitaliz\u00e1lhat\u00f3v\u00e1 \u00e9s \u00e1tl\u00e1that\u00f3bb\u00e1 v\u00e1lik az \u00fcgyf\u00e9lkezel\u00e9s \u00e9s a rendel\u00e9sek nyomon k\u00f6vet\u00e9se, m\u00edg a bels\u0151 marketingkommunik\u00e1ci\u00f3 \u00e9s a partnerek fel\u00e9 t\u00f6rt\u00e9n\u0151 t\u00e1j\u00e9koztat\u00e1s sz\u00ednvonala emelkedik (pl. pontos kapacit\u00e1skihaszn\u00e1lts\u00e1g, szabad id\u0151pontok gyors lek\u00f6vet\u00e9se).<\/p>\n<p>A projekt \u00e1tfog\u00f3an meg\u00faj\u00edtja az A1 DU\u00d3 Kft. m\u0171k\u00f6d\u00e9s\u00e9nek alapjait. A termel\u00e9si folyamat automatiz\u00e1l\u00e1sa, a marketing \u00e9s \u00fcgyf\u00e9lkezel\u00e9s digitaliz\u00e1ci\u00f3ja (illetve a fejleszt\u00e9sek k\u00f6zvetett hat\u00e1saik\u00e9nt a logiszitkai \u00e9s szervezeti folyamatok optimaliz\u00e1l\u00e1sa) egy\u00fcttesen a versenyk\u00e9pess\u00e9g jav\u00edt\u00e1s\u00e1t \u00e9s a fenntarthat\u00f3 fejl\u0151d\u00e9st szolg\u00e1lj\u00e1k.<\/p>\n<p>A projekt a Sz\u00e9chenyi Terv Plusz program, \u201eGINOP_PLUSZ-2.1.3-24 \u201eKKV-k innov\u00e1ci\u00f3s k\u00e9pess\u00e9g\u00e9nek t\u00e1mogat\u00e1sa\u201d c\u00edm\u0171 felh\u00edv\u00e1s keret\u00e9ben val\u00f3sul meg, az Eur\u00f3pai Uni\u00f3 t\u00e1mogat\u00e1s\u00e1val, a magyar \u00e1llam t\u00e1rsfinansz\u00edroz\u00e1s\u00e1val.<\/p>\n<p><img loading=\"lazy\" class=\"aligncenter size-large wp-image-157\" src=\"http:\/\/www.tankcleaning.hu\/wp-content\/uploads\/2026\/01\/kedvezmenyezetti_infoblokk_fekvo_magyar_rgb-1024x292.jpg\" alt=\"\" width=\"584\" height=\"167\" srcset=\"http:\/\/www.tankcleaning.hu\/wp-content\/uploads\/2026\/01\/kedvezmenyezetti_infoblokk_fekvo_magyar_rgb-1024x292.jpg 1024w, http:\/\/www.tankcleaning.hu\/wp-content\/uploads\/2026\/01\/kedvezmenyezetti_infoblokk_fekvo_magyar_rgb-300x85.jpg 300w, http:\/\/www.tankcleaning.hu\/wp-content\/uploads\/2026\/01\/kedvezmenyezetti_infoblokk_fekvo_magyar_rgb-768x219.jpg 768w, http:\/\/www.tankcleaning.hu\/wp-content\/uploads\/2026\/01\/kedvezmenyezetti_infoblokk_fekvo_magyar_rgb-1000x288.jpg 1000w, http:\/\/www.tankcleaning.hu\/wp-content\/uploads\/2026\/01\/kedvezmenyezetti_infoblokk_fekvo_magyar_rgb-500x142.jpg 500w, http:\/\/www.tankcleaning.hu\/wp-content\/uploads\/2026\/01\/kedvezmenyezetti_infoblokk_fekvo_magyar_rgb.jpg 1190w\" sizes=\"(max-width: 584px) 100vw, 584px\" \/><\/p>\n<hr \/>\n<p style=\"font-weight: 400;\"><strong>Kedvezm\u00e9nyezett neve<\/strong>: A1 DU\u00d3 Kft.<br \/>\n<strong>Projekt c\u00edme:<\/strong> Napelemes fejleszt\u00e9s megval\u00f3s\u00edt\u00e1sa az\u00a0A1 Du\u00f3 Kft-n\u00e9l<br \/>\n<strong>T\u00e1mogat\u00e1s \u00f6sszege: <\/strong>7.359.700,- Ft<br \/>\n<strong>Projekt megkezd\u00e9se:<\/strong> 2020.06.01.<br \/>\n<strong>Projekt t\u00e9nyleges befejez\u00e9se:<\/strong> 2022.05.23.<br \/>\n<strong>T\u00e1mogat\u00e1s m\u00e9rt\u00e9ke:<\/strong> 55%<br \/>\n<strong>P\u00e1ly\u00e1zati azonos\u00edt\u00f3: <\/strong>GINOP-4.1.4-19-2020-01289<\/p>\n<p style=\"font-weight: 400;\">A Sz\u00e9chenyi 2020 \u201e Meg\u00fajul\u00f3 energia haszn\u00e1lat\u00e1t, energiahat\u00e9konys\u00e1g n\u00f6vel\u00e9s\u00e9t c\u00e9lz\u00f3 \u00e9p\u00fcletenergetikai fejleszt\u00e9sek t\u00e1mogat\u00e1sa \u201ec\u00edm\u0171 p\u00e1ly\u00e1zati felh\u00edv\u00e1s keret\u00e9ben 7.359.700 Ft vissza nem t\u00e9r\u00edtend\u0151 t\u00e1mogat\u00e1st nyert el az A1 DU\u00d3 Kft.<\/p>\n<p style=\"font-weight: 400;\">A \u201e Napelemes fejleszt\u00e9s megval\u00f3s\u00edt\u00e1sa az A1 DU\u00d3 Kft-n\u00e9l\u201d c\u00edm\u0171 13.381.273 Ft<\/p>\n<p style=\"font-weight: 400;\">elsz\u00e1molhat\u00f3 k\u00f6lts\u00e9g\u0171 projekt sor\u00e1n a v\u00e1llalkoz\u00e1s tet\u0151szerkezeten elhelyezett napelemek \u00fczembehelyez\u00e9s\u00e9t val\u00f3s\u00edtja meg.<\/p>\n<p style=\"font-weight: 400;\">A beszerezni k\u00edv\u00e1nt 214 db napelem \u00e9s 1 db inverter az\u00a0 \u00fczem m\u0171k\u00f6d\u00e9se sor\u00e1n felhaszn\u00e1lt villamos energia 30- 35 % -\u00e1t k\u00e9pes megtermelni. Ez\u00e1ltal hossz\u00fa t\u00e1von kedvez\u0151 \u00e1ron jutunk a villamosenergi\u00e1hoz, ami \u00e1ltal az \u00fczemeltet\u00e9si k\u00f6lts\u00e9gek minimaliz\u00e1l\u00e1sa is megval\u00f3sul, l\u00e9p\u00e9st tartva\u00a0 a gazdas\u00e1gi helyzet folyamatos v\u00e1ltoz\u00e1s\u00e1val.<\/p>\n<p style=\"font-weight: 400;\">A napelemes rendszer egy j\u00f3l l\u00e1that\u00f3, egy\u00e9rtelm\u0171 \u00fczenet \u00fcgyfeleink, a hozz\u00e1nk l\u00e1togat\u00f3k sz\u00e1m\u00e1ra az A1 DU\u00d3 KFT a k\u00f6rnyezethez, annak v\u00e9delm\u00e9hez val\u00f3 hozz\u00e1\u00e1ll\u00e1s\u00e1r\u00f3l, mely minta, \u00f6szt\u00f6nz\u0151 lehet m\u00e1s v\u00e1llalkoz\u00e1sok sz\u00e1m\u00e1ra is.<\/p>\n<p><img loading=\"lazy\" class=\"aligncenter size-large wp-image-147\" src=\"http:\/\/www.tankcleaning.hu\/wp-content\/uploads\/2022\/10\/ginop_4_1_4_19_2020_01289_c_fekvo_tabla-1024x725.jpg\" alt=\"\" width=\"584\" height=\"413\" srcset=\"http:\/\/www.tankcleaning.hu\/wp-content\/uploads\/2022\/10\/ginop_4_1_4_19_2020_01289_c_fekvo_tabla-1024x725.jpg 1024w, http:\/\/www.tankcleaning.hu\/wp-content\/uploads\/2022\/10\/ginop_4_1_4_19_2020_01289_c_fekvo_tabla-300x213.jpg 300w, http:\/\/www.tankcleaning.hu\/wp-content\/uploads\/2022\/10\/ginop_4_1_4_19_2020_01289_c_fekvo_tabla-768x544.jpg 768w, http:\/\/www.tankcleaning.hu\/wp-content\/uploads\/2022\/10\/ginop_4_1_4_19_2020_01289_c_fekvo_tabla-1536x1088.jpg 1536w, http:\/\/www.tankcleaning.hu\/wp-content\/uploads\/2022\/10\/ginop_4_1_4_19_2020_01289_c_fekvo_tabla-2048x1451.jpg 2048w, http:\/\/www.tankcleaning.hu\/wp-content\/uploads\/2022\/10\/ginop_4_1_4_19_2020_01289_c_fekvo_tabla-424x300.jpg 424w\" sizes=\"(max-width: 584px) 100vw, 584px\" \/><\/p>\n<p style=\"font-weight: 400;\"><a href=\"http:\/\/www.palyazat.gov.hu\/\" target=\"_blank\" rel=\"noopener noreferrer\">www.palyazat.gov.hu<\/a><br \/>\n<a href=\"http:\/\/gazdasagfejlesztes.gov.hu\" target=\"_blank\" rel=\"noopener noreferrer\">gazdasagfejlesztes.gov.hu<\/a><\/p>\n<hr \/>\n<p><strong>Kedvezm\u00e9nyezett neve<\/strong>: A1 DU\u00d3 Kft.<br \/>\n<strong>Projekt c\u00edme:<\/strong> Energiahat\u00e9konys\u00e1gi fejleszt\u00e9s az\u00a0A1 Du\u00f3 Kft-n\u00e9l<br \/>\n<strong>T\u00e1mogat\u00e1s \u00f6sszege: <\/strong>14 852\u00a0334 Ft<br \/>\n<strong>Projekt megkezd\u00e9se:<\/strong> 2020.09.01.<br \/>\n<strong>Projekt tervezett befejez\u00e9se:<\/strong> 2022.01.30.<br \/>\n<strong>T\u00e1mogat\u00e1s m\u00e9rt\u00e9ke:<\/strong> 70%<br \/>\n<strong>P\u00e1ly\u00e1zati azonos\u00edt\u00f3: <\/strong>GINOP-1.2.8-20-2020-02045<\/p>\n<p>A Sz\u00e9chenyi 2020 \u201eA mikro-, kis- \u00e9s k\u00f6z\u00e9pv\u00e1llalkoz\u00e1sok modern \u00fczleti \u00e9s\u00a0termel\u00e9si kih\u00edv\u00e1sokhoz val\u00f3 alkalmazkod\u00e1s\u00e1t seg\u00edt\u0151 fejleszt\u00e9sek t\u00e1mogat\u00e1sa\u201d c\u00edm\u0171 p\u00e1ly\u00e1zati felh\u00edv\u00e1s keret\u00e9ben 14 852\u00a0334 Ft felt\u00e9telesen \u00a0visszat\u00e9r\u00edtend\u0151 t\u00e1mogat\u00e1st nyert el az A1 DU\u00d3 Kft.<\/p>\n<p>Az <em>\u201e<\/em><em>Energiahat\u00e9konys\u00e1gi fejleszt\u00e9s az A1 Du\u00f3 Kft-n\u00e9l<\/em>\u201d c\u00edm\u0171 21 217\u00a0620 Ft\u00a0elsz\u00e1molhat\u00f3 k\u00f6lts\u00e9g\u0171 projekt sor\u00e1n a v\u00e1llalkoz\u00e1s g\u00e1z\u00fczem\u0171 g\u0151zkaz\u00e1n beszerz\u00e9s\u00e9t\u00a0val\u00f3s\u00edtja meg.<\/p>\n<p>A beszerezni k\u00edv\u00e1nt 1 db g\u00e1z\u00fczem\u0171 g\u0151zkaz\u00e1n lehet\u0151v\u00e9 teszi, hogy az\u00a0 \u00fczem m\u0171k\u00f6d\u00e9se sor\u00e1n felhaszn\u00e1lt fosszilis \u00fczemanyag illetve a kibocs\u00e1tott k\u00e1rosanyag m\u00e9rt\u00e9ke cs\u00f6kkenjen. Ezzel egyidej\u0171leg az \u00fczemeltet\u00e9si k\u00f6lts\u00e9gek minimaliz\u00e1l\u00e1sa is megval\u00f3sul, l\u00e9p\u00e9st tartva\u00a0 a gazdas\u00e1gi helyzet folyamatos v\u00e1ltoz\u00e1s\u00e1val.<\/p>\n<p><img loading=\"lazy\" class=\"alignnone size-large wp-image-137 aligncenter\" src=\"http:\/\/www.tankcleaning.hu\/wp-content\/uploads\/2022\/02\/ginop_1_2_8_20_2020_02045_c_fekvo_nyomdai1-1024x728.jpg\" alt=\"\" width=\"584\" height=\"415\" srcset=\"http:\/\/www.tankcleaning.hu\/wp-content\/uploads\/2022\/02\/ginop_1_2_8_20_2020_02045_c_fekvo_nyomdai1-1024x728.jpg 1024w, http:\/\/www.tankcleaning.hu\/wp-content\/uploads\/2022\/02\/ginop_1_2_8_20_2020_02045_c_fekvo_nyomdai1-300x213.jpg 300w, http:\/\/www.tankcleaning.hu\/wp-content\/uploads\/2022\/02\/ginop_1_2_8_20_2020_02045_c_fekvo_nyomdai1-768x546.jpg 768w, http:\/\/www.tankcleaning.hu\/wp-content\/uploads\/2022\/02\/ginop_1_2_8_20_2020_02045_c_fekvo_nyomdai1-1536x1093.jpg 1536w, http:\/\/www.tankcleaning.hu\/wp-content\/uploads\/2022\/02\/ginop_1_2_8_20_2020_02045_c_fekvo_nyomdai1-2048x1457.jpg 2048w, http:\/\/www.tankcleaning.hu\/wp-content\/uploads\/2022\/02\/ginop_1_2_8_20_2020_02045_c_fekvo_nyomdai1-422x300.jpg 422w\" sizes=\"(max-width: 584px) 100vw, 584px\" \/><\/p>\n<p style=\"text-align: center;\"><img loading=\"lazy\" class=\"alignnone size-full wp-image-139\" src=\"http:\/\/www.tankcleaning.hu\/wp-content\/uploads\/2022\/02\/szecshenyi_2020.jpg\" alt=\"\" width=\"737\" height=\"512\" srcset=\"http:\/\/www.tankcleaning.hu\/wp-content\/uploads\/2022\/02\/szecshenyi_2020.jpg 737w, http:\/\/www.tankcleaning.hu\/wp-content\/uploads\/2022\/02\/szecshenyi_2020-300x208.jpg 300w, http:\/\/www.tankcleaning.hu\/wp-content\/uploads\/2022\/02\/szecshenyi_2020-432x300.jpg 432w\" sizes=\"(max-width: 737px) 100vw, 737px\" \/><\/p>\n<p><a href=\"http:\/\/www.palyazat.gov.hu\/\">www.palyazat.gov.hu<\/a><br \/>\n<a href=\"http:\/\/gazdasagfejlesztes.gov.hu\">gazdasagfejlesztes.gov.hu<\/a><\/p>\n<hr \/>\n<p><strong>P\u00e1ly\u00e1z\u00f3 neve:<\/strong> A1 DU\u00d3 Kft.<br \/>\n<strong>Projekt megnevez\u00e9se:<\/strong> Napelemes fejleszt\u00e9s megval\u00f3s\u00edt\u00e1sa az A1 Du\u00f3 Kft-n\u00e9l<br \/>\n<strong>OP n\u00e9v:<\/strong> GINOP<br \/>\n<strong>P\u00e1ly\u00e1zati ki\u00edr\u00e1s megnevez\u00e9se:<\/strong> GINOP-4.1.4-19 &#8211; Meg\u00fajul\u00f3 energia haszn\u00e1lat\u00e1t, energiahat\u00e9konys\u00e1g n\u00f6vel\u00e9s\u00e9t c\u00e9lz\u00f3 \u00e9p\u00fcletenergetikai fejleszt\u00e9sek t\u00e1mogat\u00e1sa<br \/>\n<strong>Projekt helysz\u00edne (telep\u00fcl\u00e9s):<\/strong> Ercsi<br \/>\n<strong>Meg\u00edt\u00e9lt \u00f6sszeg:<\/strong> 7.359.700 Ft<br \/>\n<strong>T\u00e1mogat\u00e1s ar\u00e1nya:<\/strong> 55<br \/>\n<strong>T\u00e1mogat\u00e1si d\u00f6nt\u00e9s d\u00e1tuma:<\/strong> 2020.06.30<br \/>\n<strong>Forr\u00e1s:<\/strong> ERFA<br \/>\n<strong>Projekt \u00f6sszk\u00f6lts\u00e9g:<\/strong> 13 381 273 Ft<\/p>\n<p><img loading=\"lazy\" class=\"aligncenter wp-image-128 size-large\" src=\"http:\/\/www.tankcleaning.hu\/wp-content\/uploads\/2020\/11\/ginop_4_1_4_19_2020_01289_c_fekvo_nyomdai-1024x722.jpg\" alt=\"\" width=\"584\" height=\"412\" srcset=\"http:\/\/www.tankcleaning.hu\/wp-content\/uploads\/2020\/11\/ginop_4_1_4_19_2020_01289_c_fekvo_nyomdai-1024x722.jpg 1024w, http:\/\/www.tankcleaning.hu\/wp-content\/uploads\/2020\/11\/ginop_4_1_4_19_2020_01289_c_fekvo_nyomdai-300x211.jpg 300w, http:\/\/www.tankcleaning.hu\/wp-content\/uploads\/2020\/11\/ginop_4_1_4_19_2020_01289_c_fekvo_nyomdai-768x541.jpg 768w, http:\/\/www.tankcleaning.hu\/wp-content\/uploads\/2020\/11\/ginop_4_1_4_19_2020_01289_c_fekvo_nyomdai-426x300.jpg 426w\" sizes=\"(max-width: 584px) 100vw, 584px\" \/><\/p>\n<hr \/>\n<p><strong>Kedvezm\u00e9nyezett neve<\/strong>: A1 DU\u00d3 Kft.<br \/>\n<strong>Projekt c\u00edme:<\/strong> Innovat\u00edv technol\u00f3giafejleszt\u00e9s megval\u00f3s\u00edt\u00e1sa az A1 DU\u00d3 Kft-n\u00e9l<br \/>\n<strong>T\u00e1mogat\u00e1s \u00f6sszege: <\/strong>14.100.680 Ft<br \/>\n<strong>Projekt megkezd\u00e9se:<\/strong> 2018.05.03.<br \/>\n<strong>Projekt tervezett befejez\u00e9se:<\/strong> 2018.09.28.<br \/>\n<strong>T\u00e1mogat\u00e1s m\u00e9rt\u00e9ke:<\/strong> 50%<br \/>\n<strong>P\u00e1ly\u00e1zati azonos\u00edt\u00f3: <\/strong>GINOP-2.1.8-17-2017-01041<\/p>\n<p>A Sz\u00e9chenyi 2020 \u201eA KKV-k versenyk\u00e9pess\u00e9g\u00e9nek n\u00f6vel\u00e9se<\/p>\n<p>adapt\u00edv technol\u00f3giai innov\u00e1ci\u00f3 r\u00e9v\u00e9n\u201d c\u00edm\u0171 p\u00e1ly\u00e1zati felh\u00edv\u00e1s keret\u00e9ben 14.100.680 Ft vissza nem t\u00e9r\u00edtend\u0151 t\u00e1mogat\u00e1st nyert el az A1 DU\u00d3 Kft.<\/p>\n<p>Az \u201eInnovat\u00edv technol\u00f3giafejleszt\u00e9s megval\u00f3s\u00edt\u00e1sa az A1 DU\u00d3 Kft-n\u00e9l\u201d c\u00edm\u0171 28.201.361 Ft elsz\u00e1molhat\u00f3 k\u00f6lts\u00e9g\u0171 projekt sor\u00e1n a v\u00e1llalkoz\u00e1s IBC tart\u00e1lytiszt\u00edt\u00f3 tev\u00e9kenys\u00e9g\u00e9nek fejleszt\u00e9se val\u00f3sul meg.<\/p>\n<p>A beszerezni k\u00edv\u00e1nt 1 db <strong>K\u00e4rcher IBC tart\u00e1lytiszt\u00edt\u00f3 berendez\u00e9s<\/strong> lehet\u0151v\u00e9 teszi 8 db IBC kont\u00e9ner (tart\u00e1ly) egyidej\u0171leg t\u00f6rt\u00e9n\u0151 tiszt\u00edt\u00e1s\u00e1t, mely r\u00e9v\u00e9n a tiszt\u00edt\u00e1si folyamat gyorsan \u00e9s hat\u00e9konyan tud megval\u00f3sulni, \u00edgy ki tudjuk el\u00e9g\u00edteni a m\u00e1r most rendk\u00edv\u00fcl magas megrendel\u0151i ig\u00e9nyeket.<\/p>\n<p>Az IBC tart\u00e1lyok tiszt\u00edt\u00e1s\u00e1nak fejleszt\u00e9s\u00e9vel lehet\u0151s\u00e9g\u00fcnk ny\u00edlik szolg\u00e1ltat\u00e1si palett\u00e1nk b\u0151v\u00edt\u00e9s\u00e9re.<\/p>\n<p><img loading=\"lazy\" class=\"alignnone size-full wp-image-113\" src=\"http:\/\/www.tankcleaning.hu\/wp-content\/uploads\/2018\/06\/palyazat.jpg\" alt=\"\" width=\"236\" height=\"163\" \/><\/p>\n<p><a href=\"http:\/\/www.palyazat.gov.hu\">www.palyazat.gov.hu<\/a><br \/>\n<a href=\"http:\/\/www.gazdasagfejlesztes.gov.hu\">www.gazdasagfejlesztes.gov.hu<\/a><\/p>\n<hr \/>\n<p><img loading=\"lazy\" class=\"alignnone wp-image-106 size-full\" src=\"http:\/\/www.tankcleaning.hu\/wp-content\/uploads\/2018\/03\/szcs.png\" alt=\"\" width=\"231\" height=\"81\" \/><\/p>\n<p>Az A1 Du\u00f3 Kft. k\u00e9t sikeres beruh\u00e1z\u00e1st val\u00f3s\u00edtott meg technol\u00f3giai fejleszt\u00e9s c\u00e9lj\u00e1b\u00f3l az Eur\u00f3pai Uni\u00f3 t\u00e1mogat\u00e1s\u00e1val, az Eur\u00f3pai Region\u00e1lis Fejleszt\u00e9si Alap t\u00e1rsfinansz\u00edroz\u00e1s\u00e1ban.<\/p>\n<p>Az els\u0151 projekt keret\u00e9ben az A1 Du\u00f3 Kft.\u00a0<strong>korszer\u0171, magas technol\u00f3giai sz\u00ednvonalat\u00a0<\/strong>k\u00e9pvisel\u0151 eszk\u00f6zbeszerz\u00e9st hajtott v\u00e9gre, mely sor\u00e1n megv\u00e1s\u00e1rl\u00e1sra \u00e9s \u00fczembe helyez\u00e9sre ker\u00fclt egy darab\u00a0<strong>komplett tart\u00e1lytiszt\u00edt\u00f3 berendez\u00e9s<\/strong>.<\/p>\n<p>A m\u00e1sodik projekt keret\u00e9ben c\u00e9g\u00fcnk modern\u00a0<strong>szennyv\u00edztiszt\u00edt\u00f3 \u00e9s iszaptalan\u00edt\u00f3 berendez\u00e9st<\/strong>telep\u00edtett \u00e9s helyezett \u00fczembe az Ercsi Battai \u00fati telephely\u00e9n. A berendez\u00e9s \u00e9s a kapcsol\u00f3d\u00f3 technol\u00f3gia alkalmas a tart\u00e1lytiszt\u00edt\u00e1s sor\u00e1n keletkezett ipari szennyv\u00edz hat\u00e9kony tiszt\u00edt\u00e1s\u00e1ra \u00e9s k\u00f6rnyezetbe t\u00f6rt\u00e9n\u0151 visszajuttat\u00e1s\u00e1ra.<\/p>\n<p>Megval\u00f3s\u00edt\u00e1s helysz\u00edne: 2451 Ercsi Battai \u00fat hrsz. 1307\/1<\/p>\n<p><img loading=\"lazy\" class=\"alignnone wp-image-105 size-medium\" src=\"http:\/\/www.tankcleaning.hu\/wp-content\/uploads\/2018\/03\/NF-300x39.png\" alt=\"\" width=\"300\" height=\"39\" srcset=\"http:\/\/www.tankcleaning.hu\/wp-content\/uploads\/2018\/03\/NF-300x39.png 300w, http:\/\/www.tankcleaning.hu\/wp-content\/uploads\/2018\/03\/NF.png 315w\" sizes=\"(max-width: 300px) 100vw, 300px\" \/><\/p>\n<p><img loading=\"lazy\" class=\"alignnone size-full wp-image-104\" src=\"http:\/\/www.tankcleaning.hu\/wp-content\/uploads\/2018\/03\/eu.png\" alt=\"\" width=\"54\" height=\"34\" \/>A projektek\u00a0<strong>az Eur\u00f3pai Uni\u00f3 t\u00e1mogat\u00e1s\u00e1val<\/strong>,az Eur\u00f3pai Region\u00e1lis Fejleszt\u00e9si alap t\u00e1rsfinansz\u00edroz\u00e1s\u00e1val val\u00f3sult meg.<\/p>\n<p><a href=\"http:\/\/www.nfu.hu\/\">www.nfu.hu<\/a><br \/>\n<a href=\"http:\/\/www.magzrt.hu\/\">www.magzrt.hu<\/a><\/p>\n","protected":false},"excerpt":{"rendered":"<p>A kedvezm\u00e9nyezett neve: A1 DU\u00d3 Kereskedelmi \u00e9s Szolg\u00e1ltat\u00f3 Korl\u00e1tolt Felel\u0151ss\u00e9g\u0171 T\u00e1rsas\u00e1g A projekt azonos\u00edt\u00f3 sz\u00e1ma: GINOP_PLUSZ-2.1.3-24-2025-01302 A fejleszt\u00e9s t\u00e1rgya: Innov\u00e1ci\u00f3s fejleszt\u00e9sek az A1 Du\u00f3 tart\u00e1lytiszt\u00edt\u00e1si tev\u00e9kenys\u00e9g\u00e9ben A szerz\u0151d\u00f6tt t\u00e1mogat\u00e1s \u00f6sszege: 49 980 998 Ft A projekt tervezett befejez\u00e9si d\u00e1tuma: 2026.01.31. &hellip; <a href=\"http:\/\/www.tankcleaning.hu\/?page_id=37\">Egy kattint\u00e1s ide a folytat\u00e1shoz&#8230;. <span class=\"meta-nav\">&rarr;<\/span><\/a><\/p>\n","protected":false},"author":1,"featured_media":0,"parent":0,"menu_order":0,"comment_status":"closed","ping_status":"closed","template":"sidebar-page.php","meta":[],"_links":{"self":[{"href":"http:\/\/www.tankcleaning.hu\/index.php?rest_route=\/wp\/v2\/pages\/37"}],"collection":[{"href":"http:\/\/www.tankcleaning.hu\/index.php?rest_route=\/wp\/v2\/pages"}],"about":[{"href":"http:\/\/www.tankcleaning.hu\/index.php?rest_route=\/wp\/v2\/types\/page"}],"author":[{"embeddable":true,"href":"http:\/\/www.tankcleaning.hu\/index.php?rest_route=\/wp\/v2\/users\/1"}],"replies":[{"embeddable":true,"href":"http:\/\/www.tankcleaning.hu\/index.php?rest_route=%2Fwp%2Fv2%2Fcomments&post=37"}],"version-history":[{"count":16,"href":"http:\/\/www.tankcleaning.hu\/index.php?rest_route=\/wp\/v2\/pages\/37\/revisions"}],"predecessor-version":[{"id":158,"href":"http:\/\/www.tankcleaning.hu\/index.php?rest_route=\/wp\/v2\/pages\/37\/revisions\/158"}],"wp:attachment":[{"href":"http:\/\/www.tankcleaning.hu\/index.php?rest_route=%2Fwp%2Fv2%2Fmedia&parent=37"}],"curies":[{"name":"wp","href":"https:\/\/api.w.org\/{rel}","templated":true}]}}