{"id":10,"date":"2018-03-17T21:58:59","date_gmt":"2018-03-17T21:58:59","guid":{"rendered":"http:\/\/localhost\/?page_id=10"},"modified":"2022-10-20T17:42:40","modified_gmt":"2022-10-20T16:42:40","slug":"kezdooldal","status":"publish","type":"page","link":"http:\/\/www.tankcleaning.hu\/","title":{"rendered":"Kezd\u0151oldal"},"content":{"rendered":"<p style=\"text-align: center;\"><a href=\"http:\/\/www.tankcleaning.hu\/?page_id=37\"><img loading=\"lazy\" class=\"aligncenter size-medium wp-image-147\" src=\"http:\/\/www.tankcleaning.hu\/wp-content\/uploads\/2022\/10\/ginop_4_1_4_19_2020_01289_c_fekvo_tabla-300x213.jpg\" alt=\"\" width=\"300\" height=\"213\" srcset=\"http:\/\/www.tankcleaning.hu\/wp-content\/uploads\/2022\/10\/ginop_4_1_4_19_2020_01289_c_fekvo_tabla-300x213.jpg 300w, http:\/\/www.tankcleaning.hu\/wp-content\/uploads\/2022\/10\/ginop_4_1_4_19_2020_01289_c_fekvo_tabla-1024x725.jpg 1024w, http:\/\/www.tankcleaning.hu\/wp-content\/uploads\/2022\/10\/ginop_4_1_4_19_2020_01289_c_fekvo_tabla-768x544.jpg 768w, http:\/\/www.tankcleaning.hu\/wp-content\/uploads\/2022\/10\/ginop_4_1_4_19_2020_01289_c_fekvo_tabla-1536x1088.jpg 1536w, http:\/\/www.tankcleaning.hu\/wp-content\/uploads\/2022\/10\/ginop_4_1_4_19_2020_01289_c_fekvo_tabla-2048x1451.jpg 2048w, http:\/\/www.tankcleaning.hu\/wp-content\/uploads\/2022\/10\/ginop_4_1_4_19_2020_01289_c_fekvo_tabla-424x300.jpg 424w\" sizes=\"(max-width: 300px) 100vw, 300px\" \/><\/a><\/p>\n<p style=\"text-align: center;\"><a href=\"http:\/\/www.tankcleaning.hu\/?page_id=37\"><img loading=\"lazy\" class=\"alignnone size-medium wp-image-137\" src=\"http:\/\/www.tankcleaning.hu\/wp-content\/uploads\/2022\/02\/ginop_1_2_8_20_2020_02045_c_fekvo_nyomdai1-300x213.jpg\" alt=\"\" width=\"300\" height=\"213\" srcset=\"http:\/\/www.tankcleaning.hu\/wp-content\/uploads\/2022\/02\/ginop_1_2_8_20_2020_02045_c_fekvo_nyomdai1-300x213.jpg 300w, http:\/\/www.tankcleaning.hu\/wp-content\/uploads\/2022\/02\/ginop_1_2_8_20_2020_02045_c_fekvo_nyomdai1-1024x728.jpg 1024w, http:\/\/www.tankcleaning.hu\/wp-content\/uploads\/2022\/02\/ginop_1_2_8_20_2020_02045_c_fekvo_nyomdai1-768x546.jpg 768w, http:\/\/www.tankcleaning.hu\/wp-content\/uploads\/2022\/02\/ginop_1_2_8_20_2020_02045_c_fekvo_nyomdai1-1536x1093.jpg 1536w, http:\/\/www.tankcleaning.hu\/wp-content\/uploads\/2022\/02\/ginop_1_2_8_20_2020_02045_c_fekvo_nyomdai1-2048x1457.jpg 2048w, http:\/\/www.tankcleaning.hu\/wp-content\/uploads\/2022\/02\/ginop_1_2_8_20_2020_02045_c_fekvo_nyomdai1-422x300.jpg 422w\" sizes=\"(max-width: 300px) 100vw, 300px\" \/><\/a><\/p>\n<p style=\"text-align: center;\"><a href=\"http:\/\/www.tankcleaning.hu\/?page_id=37\"><img loading=\"lazy\" class=\"alignnone size-medium wp-image-128\" src=\"http:\/\/www.tankcleaning.hu\/wp-content\/uploads\/2020\/11\/ginop_4_1_4_19_2020_01289_c_fekvo_nyomdai-300x211.jpg\" alt=\"\" width=\"300\" height=\"211\" srcset=\"http:\/\/www.tankcleaning.hu\/wp-content\/uploads\/2020\/11\/ginop_4_1_4_19_2020_01289_c_fekvo_nyomdai-300x211.jpg 300w, http:\/\/www.tankcleaning.hu\/wp-content\/uploads\/2020\/11\/ginop_4_1_4_19_2020_01289_c_fekvo_nyomdai-768x541.jpg 768w, http:\/\/www.tankcleaning.hu\/wp-content\/uploads\/2020\/11\/ginop_4_1_4_19_2020_01289_c_fekvo_nyomdai-1024x722.jpg 1024w, http:\/\/www.tankcleaning.hu\/wp-content\/uploads\/2020\/11\/ginop_4_1_4_19_2020_01289_c_fekvo_nyomdai-426x300.jpg 426w\" sizes=\"(max-width: 300px) 100vw, 300px\" \/><\/a><\/p>\n<p><a href=\"http:\/\/www.tankcleaning.hu\/?page_id=37\"><img loading=\"lazy\" class=\"wp-image-113 size-full aligncenter\" src=\"http:\/\/www.tankcleaning.hu\/wp-content\/uploads\/2018\/06\/palyazat.jpg\" alt=\"\" width=\"236\" height=\"163\" \/><\/a><\/p>\n<h2 style=\"font-weight: 100;\"><b><strong>K\u00f6sz\u00f6ntj\u00fck Magyarorsz\u00e1g egyik legr\u00e9gibb tart\u00e1lytiszt\u00edt\u00f3 \u00e1llom\u00e1s\u00e1nak honlapj\u00e1n!<\/strong><\/b><\/h2>\n<p style=\"font-weight: 400;\">Az Ercsi Tart\u00e1lytiszt\u00edt\u00f3 \u00c1llom\u00e1s k\u00f6zel 20 \u00e9ve fogadja \u00fcgyfeleit.<\/p>\n<h3 style=\"font-weight: 100;\"><b><strong>V\u00e1rjuk\u00a0\u00a0Ercsiben a 6-os F\u0151\u00fat mellett,\u00a0a Sz\u00e1zhalombattai olajfinom\u00edt\u00f3 bej\u00e1rat\u00e1t\u00f3l 5 kilom\u00e9terre!<\/strong><\/b><\/h3>\n<h3 style=\"font-weight: 100;\">C\u00edm\u00fcnk: 2451 Ercsi, Battai \u00fat 1307.<\/h3>\n<p><b><strong>Szolg\u00e1ltat\u00e1saink:<\/strong><\/b><\/p>\n<ul style=\"font-weight: 400;\">\n<li>J\u00e1rm\u0171tiszt\u00edt\u00e1s, k\u00fcls\u0151 mos\u00e1s, rakt\u00e9r tiszt\u00edt\u00e1s, fert\u0151tlen\u00edt\u00e9s \u00e9s j\u00e1rm\u0171kozmetika<\/li>\n<li>K\u00f6z\u00fati forgalomban l\u00e9v\u0151 tart\u00e1lyok tiszt\u00edt\u00e1sa, ADR is<\/li>\n<li>ISO kont\u00e9nerek \u00e9s IBC-k mos\u00e1sa<\/li>\n<li>F\u0171t\u00e9s, g\u0151z\u00f6l\u00e9s \u00e9s sz\u00e1r\u00edt\u00e1s (nagy teljes\u00edtm\u00e9ny\u0171 g\u0151zkaz\u00e1n)<\/li>\n<li>ECD \u2013 Eur\u00f3pai Tiszt\u00edt\u00e1si Bizonylat<\/li>\n<\/ul>\n<p style=\"font-weight: 400;\"><em><b><strong>Min\u0151s\u00edt\u00e9seink:<\/strong><\/b><\/em><\/p>\n<p style=\"font-weight: 400;\">Folyamatos fejleszt\u00e9seinknek k\u00f6sz\u00f6nhet\u0151en c\u00e9g\u00fcnk 2009 december\u00e9ben teljes\u00edtette az\u00a0<a href=\"http:\/\/www.sqas.org\/\"><b><strong>SQAS<\/strong><\/b>\u00a0<\/a>audit nemzetk\u00f6zi k\u00f6vetelm\u00e9nyeit. A sikeres audit eredm\u00e9nyek\u00e9ppen jogosults\u00e1got szerezt\u00fcnk\u00a0<b><strong>ECD (Eur\u00f3pai Tiszt\u00edt\u00e1si Dokumentum)<\/strong><\/b>\u00a0kiad\u00e1s\u00e1ra.<\/p>\n<p style=\"font-weight: 400;\">Az Ercsi Tart\u00e1lytiszt\u00edt\u00f3 tagja az\u00a0<b><strong>Eur\u00f3pai Vegyipari Sz\u00f6vets\u00e9g (CEFIC),<\/strong><\/b>\u00a0valamint az\u00a0<b><strong>Eur\u00f3pai Tart\u00e1lytiszt\u00edt\u00f3k Sz\u00f6vets\u00e9ge (<a href=\"http:\/\/www.eftco.org\/\">EFTCO<\/a>)\u00a0<\/strong><\/b>Magyar tagszervezet\u00e9nek, a\u00a0<a href=\"http:\/\/www.tartalytisztitas.hu\/\"><b><strong>Magyar Tart\u00e1lytiszt\u00edt\u00f3k Sz\u00f6vets\u00e9g\u00e9nek<\/strong><\/b><\/a>.<\/p>\n<p style=\"font-weight: 400;\">C\u00e9g\u00fcnk integr\u00e1lt ir\u00e1ny\u00edt\u00e1si rendszert m\u0171k\u00f6dtet az\u00a0<a href=\"http:\/\/www.iso.org\/iso\/home.html\">MSZ EN\u00a0<b><strong>ISO 9001:2015<\/strong><\/b><\/a>min\u0151s\u00e9gir\u00e1ny\u00edt\u00e1si rendszerszabv\u00e1ny, illetve a k\u00f6rnyezet-k\u00f6zpont\u00fa ir\u00e1ny\u00edt\u00e1si rendszerre vonatkoz\u00f3\u00a0<a href=\"http:\/\/www.iso.org\/iso\/home.html\">MSZ EN<b><strong>\u00a0ISO 14001:2015<\/strong><\/b><\/a>\u00a0szabv\u00e1ny alapj\u00e1n.<\/p>\n<p><iframe style=\"border: 0;\" src=\"https:\/\/www.google.com\/maps\/embed?pb=!4v1521324976570!6m8!1m7!1s952wQyo2VICZFRhFzy9XPw!2m2!1d47.25984326846176!2d18.89450064653154!3f178.36937654558275!4f-1.097299506402024!5f0.40244322948877553\" width=\"800\" height=\"600\" frameborder=\"0\" allowfullscreen=\"allowfullscreen\"><\/iframe><\/p>\n<p>C\u00e9g\u00fcnk adatv\u00e9delmi szab\u00e1lyzat\u00e1t <a href=\"\/adatvedelmi_sz.pdf\">itt<\/a> olvashatja.<\/p>\n","protected":false},"excerpt":{"rendered":"<p>K\u00f6sz\u00f6ntj\u00fck Magyarorsz\u00e1g egyik legr\u00e9gibb tart\u00e1lytiszt\u00edt\u00f3 \u00e1llom\u00e1s\u00e1nak honlapj\u00e1n! Az Ercsi Tart\u00e1lytiszt\u00edt\u00f3 \u00c1llom\u00e1s k\u00f6zel 20 \u00e9ve fogadja \u00fcgyfeleit. V\u00e1rjuk\u00a0\u00a0Ercsiben a 6-os F\u0151\u00fat mellett,\u00a0a Sz\u00e1zhalombattai olajfinom\u00edt\u00f3 bej\u00e1rat\u00e1t\u00f3l 5 kilom\u00e9terre! C\u00edm\u00fcnk: 2451 Ercsi, Battai \u00fat 1307. Szolg\u00e1ltat\u00e1saink: J\u00e1rm\u0171tiszt\u00edt\u00e1s, k\u00fcls\u0151 mos\u00e1s, rakt\u00e9r tiszt\u00edt\u00e1s, fert\u0151tlen\u00edt\u00e9s \u00e9s &hellip; <a href=\"http:\/\/www.tankcleaning.hu\/\">Egy kattint\u00e1s ide a folytat\u00e1shoz&#8230;. <span class=\"meta-nav\">&rarr;<\/span><\/a><\/p>\n","protected":false},"author":1,"featured_media":0,"parent":0,"menu_order":0,"comment_status":"closed","ping_status":"closed","template":"sidebar-page.php","meta":[],"_links":{"self":[{"href":"http:\/\/www.tankcleaning.hu\/index.php?rest_route=\/wp\/v2\/pages\/10"}],"collection":[{"href":"http:\/\/www.tankcleaning.hu\/index.php?rest_route=\/wp\/v2\/pages"}],"about":[{"href":"http:\/\/www.tankcleaning.hu\/index.php?rest_route=\/wp\/v2\/types\/page"}],"author":[{"embeddable":true,"href":"http:\/\/www.tankcleaning.hu\/index.php?rest_route=\/wp\/v2\/users\/1"}],"replies":[{"embeddable":true,"href":"http:\/\/www.tankcleaning.hu\/index.php?rest_route=%2Fwp%2Fv2%2Fcomments&post=10"}],"version-history":[{"count":10,"href":"http:\/\/www.tankcleaning.hu\/index.php?rest_route=\/wp\/v2\/pages\/10\/revisions"}],"predecessor-version":[{"id":149,"href":"http:\/\/www.tankcleaning.hu\/index.php?rest_route=\/wp\/v2\/pages\/10\/revisions\/149"}],"wp:attachment":[{"href":"http:\/\/www.tankcleaning.hu\/index.php?rest_route=%2Fwp%2Fv2%2Fmedia&parent=10"}],"curies":[{"name":"wp","href":"https:\/\/api.w.org\/{rel}","templated":true}]}}